{"id":9488,"date":"2023-05-26T12:33:45","date_gmt":"2023-05-26T10:33:45","guid":{"rendered":"http:\/\/vsrl.sviluppokeyweb.com\/prodotto\/3260-nirvana-relax\/"},"modified":"2024-01-10T11:34:47","modified_gmt":"2024-01-10T10:34:47","slug":"nirvana-relax-alzagambe-impulso-automatico","status":"publish","type":"product","link":"https:\/\/www.vezzosisrl.com\/fr\/nirvana-relax-leve-jambes-impulsion-automatique\/","title":{"rendered":"3260 NIRVANA RELAX"},"content":{"rendered":"<p>Notre bac de lavage Nirvana Relax, avec lavabo inclinable, repose-jambes r\u00e9glable \u00e9lectriquement pour un service relaxant, sous-lavabo en polyur\u00e9thane avec porte-savon int\u00e9gr\u00e9 et rev\u00eatement en ska\u00ef, est la solution parfaite pour choyer vos clients et fonctionner dans un confort total. Praticit\u00e9, \u00e9l\u00e9gance et confort sont les mots cl\u00e9s pour d\u00e9crire ce fauteuil.<\/p>\n","protected":false},"excerpt":{"rendered":"<p>Notre bac de lavage Nirvana Relax, avec lavabo inclinable, repose-jambes r\u00e9glable \u00e9lectriquement pour un service relaxant, sous-lavabo en polyur\u00e9thane avec porte-savon int\u00e9gr\u00e9 et rev\u00eatement en ska\u00ef, est la solution parfaite pour choyer vos clients et fonctionner dans un confort total. Praticit\u00e9, \u00e9l\u00e9gance et confort sont les mots cl\u00e9s pour d\u00e9crire ce fauteuil.<\/p>\n","protected":false},"featured_media":5707,"template":"","meta":[],"product_brand":[],"product_cat":[463],"product_tag":[],"class_list":{"0":"post-9488","1":"product","2":"type-product","3":"status-publish","4":"has-post-thumbnail","6":"product_cat-bacs-de-lavage","7":"pa_collezione-vezzosi-style-fr","8":"pa_tipologie-lave-tete-relax-confort-professionnel-pour-detaillants-coiffeurs","10":"first","11":"instock","12":"product-type-simple"},"acf":[],"yoast_head":"<!-- This site is optimized with the Yoast SEO plugin v26.9 - https:\/\/yoast.com\/product\/yoast-seo-wordpress\/ -->\n<title>3260 NIRVANA RELAX - Vezzosi Arredamenti<\/title>\n<meta name=\"robots\" content=\"index, follow, max-snippet:-1, max-image-preview:large, max-video-preview:-1\" \/>\n<link rel=\"canonical\" href=\"https:\/\/www.vezzosisrl.com\/fr\/nirvana-relax-leve-jambes-impulsion-automatique\/\" \/>\n<meta property=\"og:locale\" content=\"fr_FR\" \/>\n<meta property=\"og:type\" content=\"article\" \/>\n<meta property=\"og:title\" content=\"3260 NIRVANA RELAX - Vezzosi Arredamenti\" \/>\n<meta property=\"og:description\" content=\"Notre bac de lavage Nirvana Relax, avec lavabo inclinable, repose-jambes r\u00e9glable \u00e9lectriquement pour un service relaxant, sous-lavabo en polyur\u00e9thane avec porte-savon int\u00e9gr\u00e9 et rev\u00eatement en ska\u00ef, est la solution parfaite pour choyer vos clients et fonctionner dans un confort total. Praticit\u00e9, \u00e9l\u00e9gance et confort sont les mots cl\u00e9s pour d\u00e9crire ce fauteuil.\" \/>\n<meta property=\"og:url\" content=\"https:\/\/www.vezzosisrl.com\/fr\/nirvana-relax-leve-jambes-impulsion-automatique\/\" \/>\n<meta property=\"og:site_name\" content=\"Vezzosi Arredamenti\" \/>\n<meta property=\"article:modified_time\" content=\"2024-01-10T10:34:47+00:00\" \/>\n<meta property=\"og:image\" content=\"https:\/\/www.vezzosisrl.com\/wp-content\/uploads\/2023\/05\/Nirvana-relax-per-lavaggio-con-alzagambe-regolabile-a-impulso-automatico.jpg\" \/>\n\t<meta property=\"og:image:width\" content=\"900\" \/>\n\t<meta property=\"og:image:height\" content=\"900\" \/>\n\t<meta property=\"og:image:type\" content=\"image\/jpeg\" \/>\n<meta name=\"twitter:card\" content=\"summary_large_image\" \/>\n<script type=\"application\/ld+json\" class=\"yoast-schema-graph\">{\"@context\":\"https:\/\/schema.org\",\"@graph\":[{\"@type\":\"WebPage\",\"@id\":\"https:\/\/www.vezzosisrl.com\/fr\/nirvana-relax-leve-jambes-impulsion-automatique\/\",\"url\":\"https:\/\/www.vezzosisrl.com\/fr\/nirvana-relax-leve-jambes-impulsion-automatique\/\",\"name\":\"3260 NIRVANA RELAX - Vezzosi Arredamenti\",\"isPartOf\":{\"@id\":\"https:\/\/www.vezzosisrl.com\/fr\/#website\"},\"primaryImageOfPage\":{\"@id\":\"https:\/\/www.vezzosisrl.com\/fr\/nirvana-relax-leve-jambes-impulsion-automatique\/#primaryimage\"},\"image\":{\"@id\":\"https:\/\/www.vezzosisrl.com\/fr\/nirvana-relax-leve-jambes-impulsion-automatique\/#primaryimage\"},\"thumbnailUrl\":\"https:\/\/www.vezzosisrl.com\/wp-content\/uploads\/2023\/05\/Nirvana-relax-per-lavaggio-con-alzagambe-regolabile-a-impulso-automatico.jpg\",\"datePublished\":\"2023-05-26T10:33:45+00:00\",\"dateModified\":\"2024-01-10T10:34:47+00:00\",\"breadcrumb\":{\"@id\":\"https:\/\/www.vezzosisrl.com\/fr\/nirvana-relax-leve-jambes-impulsion-automatique\/#breadcrumb\"},\"inLanguage\":\"fr-FR\",\"potentialAction\":[{\"@type\":\"ReadAction\",\"target\":[\"https:\/\/www.vezzosisrl.com\/fr\/nirvana-relax-leve-jambes-impulsion-automatique\/\"]}]},{\"@type\":\"ImageObject\",\"inLanguage\":\"fr-FR\",\"@id\":\"https:\/\/www.vezzosisrl.com\/fr\/nirvana-relax-leve-jambes-impulsion-automatique\/#primaryimage\",\"url\":\"https:\/\/www.vezzosisrl.com\/wp-content\/uploads\/2023\/05\/Nirvana-relax-per-lavaggio-con-alzagambe-regolabile-a-impulso-automatico.jpg\",\"contentUrl\":\"https:\/\/www.vezzosisrl.com\/wp-content\/uploads\/2023\/05\/Nirvana-relax-per-lavaggio-con-alzagambe-regolabile-a-impulso-automatico.jpg\",\"width\":900,\"height\":900},{\"@type\":\"BreadcrumbList\",\"@id\":\"https:\/\/www.vezzosisrl.com\/fr\/nirvana-relax-leve-jambes-impulsion-automatique\/#breadcrumb\",\"itemListElement\":[{\"@type\":\"ListItem\",\"position\":1,\"name\":\"Home\",\"item\":\"https:\/\/www.vezzosisrl.com\/fr\/\"},{\"@type\":\"ListItem\",\"position\":2,\"name\":\"Produits\",\"item\":\"https:\/\/www.vezzosisrl.com\/prodotti\/\"},{\"@type\":\"ListItem\",\"position\":3,\"name\":\"3260 NIRVANA RELAX\"}]},{\"@type\":\"WebSite\",\"@id\":\"https:\/\/www.vezzosisrl.com\/fr\/#website\",\"url\":\"https:\/\/www.vezzosisrl.com\/fr\/\",\"name\":\"Vezzosi Arredamenti\",\"description\":\"\",\"potentialAction\":[{\"@type\":\"SearchAction\",\"target\":{\"@type\":\"EntryPoint\",\"urlTemplate\":\"https:\/\/www.vezzosisrl.com\/fr\/?s={search_term_string}\"},\"query-input\":{\"@type\":\"PropertyValueSpecification\",\"valueRequired\":true,\"valueName\":\"search_term_string\"}}],\"inLanguage\":\"fr-FR\"}]}<\/script>\n<!-- \/ Yoast SEO plugin. -->","yoast_head_json":{"title":"3260 NIRVANA RELAX - Vezzosi Arredamenti","robots":{"index":"index","follow":"follow","max-snippet":"max-snippet:-1","max-image-preview":"max-image-preview:large","max-video-preview":"max-video-preview:-1"},"canonical":"https:\/\/www.vezzosisrl.com\/fr\/nirvana-relax-leve-jambes-impulsion-automatique\/","og_locale":"fr_FR","og_type":"article","og_title":"3260 NIRVANA RELAX - Vezzosi Arredamenti","og_description":"Notre bac de lavage Nirvana Relax, avec lavabo inclinable, repose-jambes r\u00e9glable \u00e9lectriquement pour un service relaxant, sous-lavabo en polyur\u00e9thane avec porte-savon int\u00e9gr\u00e9 et rev\u00eatement en ska\u00ef, est la solution parfaite pour choyer vos clients et fonctionner dans un confort total. Praticit\u00e9, \u00e9l\u00e9gance et confort sont les mots cl\u00e9s pour d\u00e9crire ce fauteuil.","og_url":"https:\/\/www.vezzosisrl.com\/fr\/nirvana-relax-leve-jambes-impulsion-automatique\/","og_site_name":"Vezzosi Arredamenti","article_modified_time":"2024-01-10T10:34:47+00:00","og_image":[{"width":900,"height":900,"url":"https:\/\/www.vezzosisrl.com\/wp-content\/uploads\/2023\/05\/Nirvana-relax-per-lavaggio-con-alzagambe-regolabile-a-impulso-automatico.jpg","type":"image\/jpeg"}],"twitter_card":"summary_large_image","schema":{"@context":"https:\/\/schema.org","@graph":[{"@type":"WebPage","@id":"https:\/\/www.vezzosisrl.com\/fr\/nirvana-relax-leve-jambes-impulsion-automatique\/","url":"https:\/\/www.vezzosisrl.com\/fr\/nirvana-relax-leve-jambes-impulsion-automatique\/","name":"3260 NIRVANA RELAX - Vezzosi Arredamenti","isPartOf":{"@id":"https:\/\/www.vezzosisrl.com\/fr\/#website"},"primaryImageOfPage":{"@id":"https:\/\/www.vezzosisrl.com\/fr\/nirvana-relax-leve-jambes-impulsion-automatique\/#primaryimage"},"image":{"@id":"https:\/\/www.vezzosisrl.com\/fr\/nirvana-relax-leve-jambes-impulsion-automatique\/#primaryimage"},"thumbnailUrl":"https:\/\/www.vezzosisrl.com\/wp-content\/uploads\/2023\/05\/Nirvana-relax-per-lavaggio-con-alzagambe-regolabile-a-impulso-automatico.jpg","datePublished":"2023-05-26T10:33:45+00:00","dateModified":"2024-01-10T10:34:47+00:00","breadcrumb":{"@id":"https:\/\/www.vezzosisrl.com\/fr\/nirvana-relax-leve-jambes-impulsion-automatique\/#breadcrumb"},"inLanguage":"fr-FR","potentialAction":[{"@type":"ReadAction","target":["https:\/\/www.vezzosisrl.com\/fr\/nirvana-relax-leve-jambes-impulsion-automatique\/"]}]},{"@type":"ImageObject","inLanguage":"fr-FR","@id":"https:\/\/www.vezzosisrl.com\/fr\/nirvana-relax-leve-jambes-impulsion-automatique\/#primaryimage","url":"https:\/\/www.vezzosisrl.com\/wp-content\/uploads\/2023\/05\/Nirvana-relax-per-lavaggio-con-alzagambe-regolabile-a-impulso-automatico.jpg","contentUrl":"https:\/\/www.vezzosisrl.com\/wp-content\/uploads\/2023\/05\/Nirvana-relax-per-lavaggio-con-alzagambe-regolabile-a-impulso-automatico.jpg","width":900,"height":900},{"@type":"BreadcrumbList","@id":"https:\/\/www.vezzosisrl.com\/fr\/nirvana-relax-leve-jambes-impulsion-automatique\/#breadcrumb","itemListElement":[{"@type":"ListItem","position":1,"name":"Home","item":"https:\/\/www.vezzosisrl.com\/fr\/"},{"@type":"ListItem","position":2,"name":"Produits","item":"https:\/\/www.vezzosisrl.com\/prodotti\/"},{"@type":"ListItem","position":3,"name":"3260 NIRVANA RELAX"}]},{"@type":"WebSite","@id":"https:\/\/www.vezzosisrl.com\/fr\/#website","url":"https:\/\/www.vezzosisrl.com\/fr\/","name":"Vezzosi Arredamenti","description":"","potentialAction":[{"@type":"SearchAction","target":{"@type":"EntryPoint","urlTemplate":"https:\/\/www.vezzosisrl.com\/fr\/?s={search_term_string}"},"query-input":{"@type":"PropertyValueSpecification","valueRequired":true,"valueName":"search_term_string"}}],"inLanguage":"fr-FR"}]}},"_links":{"self":[{"href":"https:\/\/www.vezzosisrl.com\/fr\/wp-json\/wp\/v2\/product\/9488","targetHints":{"allow":["GET"]}}],"collection":[{"href":"https:\/\/www.vezzosisrl.com\/fr\/wp-json\/wp\/v2\/product"}],"about":[{"href":"https:\/\/www.vezzosisrl.com\/fr\/wp-json\/wp\/v2\/types\/product"}],"wp:featuredmedia":[{"embeddable":true,"href":"https:\/\/www.vezzosisrl.com\/fr\/wp-json\/wp\/v2\/media\/5707"}],"wp:attachment":[{"href":"https:\/\/www.vezzosisrl.com\/fr\/wp-json\/wp\/v2\/media?parent=9488"}],"wp:term":[{"taxonomy":"product_brand","embeddable":true,"href":"https:\/\/www.vezzosisrl.com\/fr\/wp-json\/wp\/v2\/product_brand?post=9488"},{"taxonomy":"product_cat","embeddable":true,"href":"https:\/\/www.vezzosisrl.com\/fr\/wp-json\/wp\/v2\/product_cat?post=9488"},{"taxonomy":"product_tag","embeddable":true,"href":"https:\/\/www.vezzosisrl.com\/fr\/wp-json\/wp\/v2\/product_tag?post=9488"}],"curies":[{"name":"wp","href":"https:\/\/api.w.org\/{rel}","templated":true}]}}