{"id":9497,"date":"2023-05-26T12:33:45","date_gmt":"2023-05-26T10:33:45","guid":{"rendered":"http:\/\/vsrl.sviluppokeyweb.com\/prodotto\/3300-dylan-relax\/"},"modified":"2024-01-10T11:34:56","modified_gmt":"2024-01-10T10:34:56","slug":"dylan-relax-mouvement-electrique-skai-differentes-couleurs","status":"publish","type":"product","link":"https:\/\/www.vezzosisrl.com\/fr\/dylan-relax-mouvement-electrique-skai-differentes-couleurs\/","title":{"rendered":"3300 DYLAN RELAX"},"content":{"rendered":"<p>Dylan Relax est notre fauteuil avec structure rembourr\u00e9e recouverte de ska\u00ef, \u00e9vier basculant, sous \u00e9vier et coque de dossier en polyur\u00e9thane et repose-jambes r\u00e9glable \u00e9lectriquement avec impulsion continue. Confortable et de style minimaliste, il est la combinaison parfaite de la d\u00e9tente et d&#8217;un mobilier de qualit\u00e9.<\/p>\n","protected":false},"excerpt":{"rendered":"<p>Dylan Relax est notre fauteuil avec structure rembourr\u00e9e recouverte de ska\u00ef, \u00e9vier basculant, sous \u00e9vier et coque de dossier en polyur\u00e9thane et repose-jambes r\u00e9glable \u00e9lectriquement avec impulsion continue. Confortable et de style minimaliste, il est la combinaison parfaite de la d\u00e9tente et d&#8217;un mobilier de qualit\u00e9.<\/p>\n","protected":false},"featured_media":5743,"template":"","meta":[],"product_brand":[],"product_cat":[463],"product_tag":[],"class_list":{"0":"post-9497","1":"product","2":"type-product","3":"status-publish","4":"has-post-thumbnail","6":"product_cat-bacs-de-lavage","7":"pa_collezione-vezzosi-style-fr","8":"pa_tipologie-lave-tete-relax-confort-professionnel-pour-detaillants-coiffeurs","10":"first","11":"instock","12":"product-type-simple"},"acf":[],"yoast_head":"<!-- This site is optimized with the Yoast SEO plugin v26.9 - https:\/\/yoast.com\/product\/yoast-seo-wordpress\/ -->\n<title>3300 DYLAN RELAX - Vezzosi Arredamenti<\/title>\n<meta name=\"robots\" content=\"index, follow, max-snippet:-1, max-image-preview:large, max-video-preview:-1\" \/>\n<link rel=\"canonical\" href=\"https:\/\/www.vezzosisrl.com\/fr\/dylan-relax-mouvement-electrique-skai-differentes-couleurs\/\" \/>\n<meta property=\"og:locale\" content=\"fr_FR\" \/>\n<meta property=\"og:type\" content=\"article\" \/>\n<meta property=\"og:title\" content=\"3300 DYLAN RELAX - Vezzosi Arredamenti\" \/>\n<meta property=\"og:description\" content=\"Dylan Relax est notre fauteuil avec structure rembourr\u00e9e recouverte de ska\u00ef, \u00e9vier basculant, sous \u00e9vier et coque de dossier en polyur\u00e9thane et repose-jambes r\u00e9glable \u00e9lectriquement avec impulsion continue. Confortable et de style minimaliste, il est la combinaison parfaite de la d\u00e9tente et d&#8217;un mobilier de qualit\u00e9.\" \/>\n<meta property=\"og:url\" content=\"https:\/\/www.vezzosisrl.com\/fr\/dylan-relax-mouvement-electrique-skai-differentes-couleurs\/\" \/>\n<meta property=\"og:site_name\" content=\"Vezzosi Arredamenti\" \/>\n<meta property=\"article:modified_time\" content=\"2024-01-10T10:34:56+00:00\" \/>\n<meta property=\"og:image\" content=\"https:\/\/www.vezzosisrl.com\/wp-content\/uploads\/2023\/05\/Comoda-seduta-lavatesta-per-parrucchieri-dylan-relax-2.jpg\" \/>\n\t<meta property=\"og:image:width\" content=\"900\" \/>\n\t<meta property=\"og:image:height\" content=\"900\" \/>\n\t<meta property=\"og:image:type\" content=\"image\/jpeg\" \/>\n<meta name=\"twitter:card\" content=\"summary_large_image\" \/>\n<script type=\"application\/ld+json\" class=\"yoast-schema-graph\">{\"@context\":\"https:\/\/schema.org\",\"@graph\":[{\"@type\":\"WebPage\",\"@id\":\"https:\/\/www.vezzosisrl.com\/fr\/dylan-relax-mouvement-electrique-skai-differentes-couleurs\/\",\"url\":\"https:\/\/www.vezzosisrl.com\/fr\/dylan-relax-mouvement-electrique-skai-differentes-couleurs\/\",\"name\":\"3300 DYLAN RELAX - Vezzosi Arredamenti\",\"isPartOf\":{\"@id\":\"https:\/\/www.vezzosisrl.com\/fr\/#website\"},\"primaryImageOfPage\":{\"@id\":\"https:\/\/www.vezzosisrl.com\/fr\/dylan-relax-mouvement-electrique-skai-differentes-couleurs\/#primaryimage\"},\"image\":{\"@id\":\"https:\/\/www.vezzosisrl.com\/fr\/dylan-relax-mouvement-electrique-skai-differentes-couleurs\/#primaryimage\"},\"thumbnailUrl\":\"https:\/\/www.vezzosisrl.com\/wp-content\/uploads\/2023\/05\/Comoda-seduta-lavatesta-per-parrucchieri-dylan-relax-2.jpg\",\"datePublished\":\"2023-05-26T10:33:45+00:00\",\"dateModified\":\"2024-01-10T10:34:56+00:00\",\"breadcrumb\":{\"@id\":\"https:\/\/www.vezzosisrl.com\/fr\/dylan-relax-mouvement-electrique-skai-differentes-couleurs\/#breadcrumb\"},\"inLanguage\":\"fr-FR\",\"potentialAction\":[{\"@type\":\"ReadAction\",\"target\":[\"https:\/\/www.vezzosisrl.com\/fr\/dylan-relax-mouvement-electrique-skai-differentes-couleurs\/\"]}]},{\"@type\":\"ImageObject\",\"inLanguage\":\"fr-FR\",\"@id\":\"https:\/\/www.vezzosisrl.com\/fr\/dylan-relax-mouvement-electrique-skai-differentes-couleurs\/#primaryimage\",\"url\":\"https:\/\/www.vezzosisrl.com\/wp-content\/uploads\/2023\/05\/Comoda-seduta-lavatesta-per-parrucchieri-dylan-relax-2.jpg\",\"contentUrl\":\"https:\/\/www.vezzosisrl.com\/wp-content\/uploads\/2023\/05\/Comoda-seduta-lavatesta-per-parrucchieri-dylan-relax-2.jpg\",\"width\":900,\"height\":900},{\"@type\":\"BreadcrumbList\",\"@id\":\"https:\/\/www.vezzosisrl.com\/fr\/dylan-relax-mouvement-electrique-skai-differentes-couleurs\/#breadcrumb\",\"itemListElement\":[{\"@type\":\"ListItem\",\"position\":1,\"name\":\"Home\",\"item\":\"https:\/\/www.vezzosisrl.com\/fr\/\"},{\"@type\":\"ListItem\",\"position\":2,\"name\":\"Produits\",\"item\":\"https:\/\/www.vezzosisrl.com\/prodotti\/\"},{\"@type\":\"ListItem\",\"position\":3,\"name\":\"3300 DYLAN RELAX\"}]},{\"@type\":\"WebSite\",\"@id\":\"https:\/\/www.vezzosisrl.com\/fr\/#website\",\"url\":\"https:\/\/www.vezzosisrl.com\/fr\/\",\"name\":\"Vezzosi Arredamenti\",\"description\":\"\",\"potentialAction\":[{\"@type\":\"SearchAction\",\"target\":{\"@type\":\"EntryPoint\",\"urlTemplate\":\"https:\/\/www.vezzosisrl.com\/fr\/?s={search_term_string}\"},\"query-input\":{\"@type\":\"PropertyValueSpecification\",\"valueRequired\":true,\"valueName\":\"search_term_string\"}}],\"inLanguage\":\"fr-FR\"}]}<\/script>\n<!-- \/ Yoast SEO plugin. -->","yoast_head_json":{"title":"3300 DYLAN RELAX - Vezzosi Arredamenti","robots":{"index":"index","follow":"follow","max-snippet":"max-snippet:-1","max-image-preview":"max-image-preview:large","max-video-preview":"max-video-preview:-1"},"canonical":"https:\/\/www.vezzosisrl.com\/fr\/dylan-relax-mouvement-electrique-skai-differentes-couleurs\/","og_locale":"fr_FR","og_type":"article","og_title":"3300 DYLAN RELAX - Vezzosi Arredamenti","og_description":"Dylan Relax est notre fauteuil avec structure rembourr\u00e9e recouverte de ska\u00ef, \u00e9vier basculant, sous \u00e9vier et coque de dossier en polyur\u00e9thane et repose-jambes r\u00e9glable \u00e9lectriquement avec impulsion continue. Confortable et de style minimaliste, il est la combinaison parfaite de la d\u00e9tente et d&#8217;un mobilier de qualit\u00e9.","og_url":"https:\/\/www.vezzosisrl.com\/fr\/dylan-relax-mouvement-electrique-skai-differentes-couleurs\/","og_site_name":"Vezzosi Arredamenti","article_modified_time":"2024-01-10T10:34:56+00:00","og_image":[{"width":900,"height":900,"url":"https:\/\/www.vezzosisrl.com\/wp-content\/uploads\/2023\/05\/Comoda-seduta-lavatesta-per-parrucchieri-dylan-relax-2.jpg","type":"image\/jpeg"}],"twitter_card":"summary_large_image","schema":{"@context":"https:\/\/schema.org","@graph":[{"@type":"WebPage","@id":"https:\/\/www.vezzosisrl.com\/fr\/dylan-relax-mouvement-electrique-skai-differentes-couleurs\/","url":"https:\/\/www.vezzosisrl.com\/fr\/dylan-relax-mouvement-electrique-skai-differentes-couleurs\/","name":"3300 DYLAN RELAX - Vezzosi Arredamenti","isPartOf":{"@id":"https:\/\/www.vezzosisrl.com\/fr\/#website"},"primaryImageOfPage":{"@id":"https:\/\/www.vezzosisrl.com\/fr\/dylan-relax-mouvement-electrique-skai-differentes-couleurs\/#primaryimage"},"image":{"@id":"https:\/\/www.vezzosisrl.com\/fr\/dylan-relax-mouvement-electrique-skai-differentes-couleurs\/#primaryimage"},"thumbnailUrl":"https:\/\/www.vezzosisrl.com\/wp-content\/uploads\/2023\/05\/Comoda-seduta-lavatesta-per-parrucchieri-dylan-relax-2.jpg","datePublished":"2023-05-26T10:33:45+00:00","dateModified":"2024-01-10T10:34:56+00:00","breadcrumb":{"@id":"https:\/\/www.vezzosisrl.com\/fr\/dylan-relax-mouvement-electrique-skai-differentes-couleurs\/#breadcrumb"},"inLanguage":"fr-FR","potentialAction":[{"@type":"ReadAction","target":["https:\/\/www.vezzosisrl.com\/fr\/dylan-relax-mouvement-electrique-skai-differentes-couleurs\/"]}]},{"@type":"ImageObject","inLanguage":"fr-FR","@id":"https:\/\/www.vezzosisrl.com\/fr\/dylan-relax-mouvement-electrique-skai-differentes-couleurs\/#primaryimage","url":"https:\/\/www.vezzosisrl.com\/wp-content\/uploads\/2023\/05\/Comoda-seduta-lavatesta-per-parrucchieri-dylan-relax-2.jpg","contentUrl":"https:\/\/www.vezzosisrl.com\/wp-content\/uploads\/2023\/05\/Comoda-seduta-lavatesta-per-parrucchieri-dylan-relax-2.jpg","width":900,"height":900},{"@type":"BreadcrumbList","@id":"https:\/\/www.vezzosisrl.com\/fr\/dylan-relax-mouvement-electrique-skai-differentes-couleurs\/#breadcrumb","itemListElement":[{"@type":"ListItem","position":1,"name":"Home","item":"https:\/\/www.vezzosisrl.com\/fr\/"},{"@type":"ListItem","position":2,"name":"Produits","item":"https:\/\/www.vezzosisrl.com\/prodotti\/"},{"@type":"ListItem","position":3,"name":"3300 DYLAN RELAX"}]},{"@type":"WebSite","@id":"https:\/\/www.vezzosisrl.com\/fr\/#website","url":"https:\/\/www.vezzosisrl.com\/fr\/","name":"Vezzosi Arredamenti","description":"","potentialAction":[{"@type":"SearchAction","target":{"@type":"EntryPoint","urlTemplate":"https:\/\/www.vezzosisrl.com\/fr\/?s={search_term_string}"},"query-input":{"@type":"PropertyValueSpecification","valueRequired":true,"valueName":"search_term_string"}}],"inLanguage":"fr-FR"}]}},"_links":{"self":[{"href":"https:\/\/www.vezzosisrl.com\/fr\/wp-json\/wp\/v2\/product\/9497","targetHints":{"allow":["GET"]}}],"collection":[{"href":"https:\/\/www.vezzosisrl.com\/fr\/wp-json\/wp\/v2\/product"}],"about":[{"href":"https:\/\/www.vezzosisrl.com\/fr\/wp-json\/wp\/v2\/types\/product"}],"wp:featuredmedia":[{"embeddable":true,"href":"https:\/\/www.vezzosisrl.com\/fr\/wp-json\/wp\/v2\/media\/5743"}],"wp:attachment":[{"href":"https:\/\/www.vezzosisrl.com\/fr\/wp-json\/wp\/v2\/media?parent=9497"}],"wp:term":[{"taxonomy":"product_brand","embeddable":true,"href":"https:\/\/www.vezzosisrl.com\/fr\/wp-json\/wp\/v2\/product_brand?post=9497"},{"taxonomy":"product_cat","embeddable":true,"href":"https:\/\/www.vezzosisrl.com\/fr\/wp-json\/wp\/v2\/product_cat?post=9497"},{"taxonomy":"product_tag","embeddable":true,"href":"https:\/\/www.vezzosisrl.com\/fr\/wp-json\/wp\/v2\/product_tag?post=9497"}],"curies":[{"name":"wp","href":"https:\/\/api.w.org\/{rel}","templated":true}]}}