{"id":9500,"date":"2023-05-26T12:33:45","date_gmt":"2023-05-26T10:33:45","guid":{"rendered":"http:\/\/vsrl.sviluppokeyweb.com\/prodotto\/3305-dylan-massage\/"},"modified":"2024-01-10T11:34:57","modified_gmt":"2024-01-10T10:34:57","slug":"dylan-massage-fauteil-traitement-de-cheveux-salon","status":"publish","type":"product","link":"https:\/\/www.vezzosisrl.com\/fr\/dylan-massage-fauteil-traitement-de-cheveux-salon\/","title":{"rendered":"3305 DYLAN MASSAGE"},"content":{"rendered":"<p>Dylan Massage est le fauteuil de lavage avec structure rembourr\u00e9e recouverte de ska\u00ef, \u00e9vier basculant, sous \u00e9vier et coque de dossier en mat\u00e9riau polyur\u00e9thane, dans la version avec drainage lymphatique total et massage tonifiant avec d\u00e9bit d&#8217;air variable en continu, dans le si\u00e8ge et dans le dossier. Gr\u00e2ce \u00e0 ce poste de travail de conception minimale et essentielle, il est possible de r\u00e9aliser un traitement relaxant qui part des cheveux et implique le corps entier du client.<\/p>\n","protected":false},"excerpt":{"rendered":"<p>Dylan Massage est le fauteuil de lavage avec structure rembourr\u00e9e recouverte de ska\u00ef, \u00e9vier basculant, sous \u00e9vier et coque de dossier en mat\u00e9riau polyur\u00e9thane, dans la version avec drainage lymphatique total et massage tonifiant avec d\u00e9bit d&#8217;air variable en continu, dans le si\u00e8ge et dans le dossier. Gr\u00e2ce \u00e0 ce poste de travail de conception&#8230;<\/p>\n","protected":false},"featured_media":5752,"template":"","meta":[],"product_brand":[],"product_cat":[463],"product_tag":[],"class_list":{"0":"post-9500","1":"product","2":"type-product","3":"status-publish","4":"has-post-thumbnail","6":"product_cat-bacs-de-lavage","7":"pa_collezione-vezzosi-style-fr","8":"pa_tipologie-fauteuil-bac-de-lavage-rembourre-skai-avec-massage-de-drainage-lymphatique","10":"first","11":"instock","12":"product-type-simple"},"acf":[],"yoast_head":"<!-- This site is optimized with the Yoast SEO plugin v26.9 - https:\/\/yoast.com\/product\/yoast-seo-wordpress\/ -->\n<title>3305 DYLAN MASSAGE - Vezzosi Arredamenti<\/title>\n<meta name=\"robots\" content=\"index, follow, max-snippet:-1, max-image-preview:large, max-video-preview:-1\" \/>\n<link rel=\"canonical\" href=\"https:\/\/www.vezzosisrl.com\/fr\/dylan-massage-fauteil-traitement-de-cheveux-salon\/\" \/>\n<meta property=\"og:locale\" content=\"fr_FR\" \/>\n<meta property=\"og:type\" content=\"article\" \/>\n<meta property=\"og:title\" content=\"3305 DYLAN MASSAGE - Vezzosi Arredamenti\" \/>\n<meta property=\"og:description\" content=\"Dylan Massage est le fauteuil de lavage avec structure rembourr\u00e9e recouverte de ska\u00ef, \u00e9vier basculant, sous \u00e9vier et coque de dossier en mat\u00e9riau polyur\u00e9thane, dans la version avec drainage lymphatique total et massage tonifiant avec d\u00e9bit d&#8217;air variable en continu, dans le si\u00e8ge et dans le dossier. Gr\u00e2ce \u00e0 ce poste de travail de conception...\" \/>\n<meta property=\"og:url\" content=\"https:\/\/www.vezzosisrl.com\/fr\/dylan-massage-fauteil-traitement-de-cheveux-salon\/\" \/>\n<meta property=\"og:site_name\" content=\"Vezzosi Arredamenti\" \/>\n<meta property=\"article:modified_time\" content=\"2024-01-10T10:34:57+00:00\" \/>\n<meta property=\"og:image\" content=\"https:\/\/www.vezzosisrl.com\/wp-content\/uploads\/2023\/05\/Poltrona-lavaggio-dal-design-essenziale-dylan-massage-1.jpg\" \/>\n\t<meta property=\"og:image:width\" content=\"900\" \/>\n\t<meta property=\"og:image:height\" content=\"900\" \/>\n\t<meta property=\"og:image:type\" content=\"image\/jpeg\" \/>\n<meta name=\"twitter:card\" content=\"summary_large_image\" \/>\n<script type=\"application\/ld+json\" class=\"yoast-schema-graph\">{\"@context\":\"https:\/\/schema.org\",\"@graph\":[{\"@type\":\"WebPage\",\"@id\":\"https:\/\/www.vezzosisrl.com\/fr\/dylan-massage-fauteil-traitement-de-cheveux-salon\/\",\"url\":\"https:\/\/www.vezzosisrl.com\/fr\/dylan-massage-fauteil-traitement-de-cheveux-salon\/\",\"name\":\"3305 DYLAN MASSAGE - Vezzosi Arredamenti\",\"isPartOf\":{\"@id\":\"https:\/\/www.vezzosisrl.com\/fr\/#website\"},\"primaryImageOfPage\":{\"@id\":\"https:\/\/www.vezzosisrl.com\/fr\/dylan-massage-fauteil-traitement-de-cheveux-salon\/#primaryimage\"},\"image\":{\"@id\":\"https:\/\/www.vezzosisrl.com\/fr\/dylan-massage-fauteil-traitement-de-cheveux-salon\/#primaryimage\"},\"thumbnailUrl\":\"https:\/\/www.vezzosisrl.com\/wp-content\/uploads\/2023\/05\/Poltrona-lavaggio-dal-design-essenziale-dylan-massage-1.jpg\",\"datePublished\":\"2023-05-26T10:33:45+00:00\",\"dateModified\":\"2024-01-10T10:34:57+00:00\",\"breadcrumb\":{\"@id\":\"https:\/\/www.vezzosisrl.com\/fr\/dylan-massage-fauteil-traitement-de-cheveux-salon\/#breadcrumb\"},\"inLanguage\":\"fr-FR\",\"potentialAction\":[{\"@type\":\"ReadAction\",\"target\":[\"https:\/\/www.vezzosisrl.com\/fr\/dylan-massage-fauteil-traitement-de-cheveux-salon\/\"]}]},{\"@type\":\"ImageObject\",\"inLanguage\":\"fr-FR\",\"@id\":\"https:\/\/www.vezzosisrl.com\/fr\/dylan-massage-fauteil-traitement-de-cheveux-salon\/#primaryimage\",\"url\":\"https:\/\/www.vezzosisrl.com\/wp-content\/uploads\/2023\/05\/Poltrona-lavaggio-dal-design-essenziale-dylan-massage-1.jpg\",\"contentUrl\":\"https:\/\/www.vezzosisrl.com\/wp-content\/uploads\/2023\/05\/Poltrona-lavaggio-dal-design-essenziale-dylan-massage-1.jpg\",\"width\":900,\"height\":900},{\"@type\":\"BreadcrumbList\",\"@id\":\"https:\/\/www.vezzosisrl.com\/fr\/dylan-massage-fauteil-traitement-de-cheveux-salon\/#breadcrumb\",\"itemListElement\":[{\"@type\":\"ListItem\",\"position\":1,\"name\":\"Home\",\"item\":\"https:\/\/www.vezzosisrl.com\/fr\/\"},{\"@type\":\"ListItem\",\"position\":2,\"name\":\"Produits\",\"item\":\"https:\/\/www.vezzosisrl.com\/prodotti\/\"},{\"@type\":\"ListItem\",\"position\":3,\"name\":\"3305 DYLAN MASSAGE\"}]},{\"@type\":\"WebSite\",\"@id\":\"https:\/\/www.vezzosisrl.com\/fr\/#website\",\"url\":\"https:\/\/www.vezzosisrl.com\/fr\/\",\"name\":\"Vezzosi Arredamenti\",\"description\":\"\",\"potentialAction\":[{\"@type\":\"SearchAction\",\"target\":{\"@type\":\"EntryPoint\",\"urlTemplate\":\"https:\/\/www.vezzosisrl.com\/fr\/?s={search_term_string}\"},\"query-input\":{\"@type\":\"PropertyValueSpecification\",\"valueRequired\":true,\"valueName\":\"search_term_string\"}}],\"inLanguage\":\"fr-FR\"}]}<\/script>\n<!-- \/ Yoast SEO plugin. -->","yoast_head_json":{"title":"3305 DYLAN MASSAGE - Vezzosi Arredamenti","robots":{"index":"index","follow":"follow","max-snippet":"max-snippet:-1","max-image-preview":"max-image-preview:large","max-video-preview":"max-video-preview:-1"},"canonical":"https:\/\/www.vezzosisrl.com\/fr\/dylan-massage-fauteil-traitement-de-cheveux-salon\/","og_locale":"fr_FR","og_type":"article","og_title":"3305 DYLAN MASSAGE - Vezzosi Arredamenti","og_description":"Dylan Massage est le fauteuil de lavage avec structure rembourr\u00e9e recouverte de ska\u00ef, \u00e9vier basculant, sous \u00e9vier et coque de dossier en mat\u00e9riau polyur\u00e9thane, dans la version avec drainage lymphatique total et massage tonifiant avec d\u00e9bit d&#8217;air variable en continu, dans le si\u00e8ge et dans le dossier. Gr\u00e2ce \u00e0 ce poste de travail de conception...","og_url":"https:\/\/www.vezzosisrl.com\/fr\/dylan-massage-fauteil-traitement-de-cheveux-salon\/","og_site_name":"Vezzosi Arredamenti","article_modified_time":"2024-01-10T10:34:57+00:00","og_image":[{"width":900,"height":900,"url":"https:\/\/www.vezzosisrl.com\/wp-content\/uploads\/2023\/05\/Poltrona-lavaggio-dal-design-essenziale-dylan-massage-1.jpg","type":"image\/jpeg"}],"twitter_card":"summary_large_image","schema":{"@context":"https:\/\/schema.org","@graph":[{"@type":"WebPage","@id":"https:\/\/www.vezzosisrl.com\/fr\/dylan-massage-fauteil-traitement-de-cheveux-salon\/","url":"https:\/\/www.vezzosisrl.com\/fr\/dylan-massage-fauteil-traitement-de-cheveux-salon\/","name":"3305 DYLAN MASSAGE - Vezzosi Arredamenti","isPartOf":{"@id":"https:\/\/www.vezzosisrl.com\/fr\/#website"},"primaryImageOfPage":{"@id":"https:\/\/www.vezzosisrl.com\/fr\/dylan-massage-fauteil-traitement-de-cheveux-salon\/#primaryimage"},"image":{"@id":"https:\/\/www.vezzosisrl.com\/fr\/dylan-massage-fauteil-traitement-de-cheveux-salon\/#primaryimage"},"thumbnailUrl":"https:\/\/www.vezzosisrl.com\/wp-content\/uploads\/2023\/05\/Poltrona-lavaggio-dal-design-essenziale-dylan-massage-1.jpg","datePublished":"2023-05-26T10:33:45+00:00","dateModified":"2024-01-10T10:34:57+00:00","breadcrumb":{"@id":"https:\/\/www.vezzosisrl.com\/fr\/dylan-massage-fauteil-traitement-de-cheveux-salon\/#breadcrumb"},"inLanguage":"fr-FR","potentialAction":[{"@type":"ReadAction","target":["https:\/\/www.vezzosisrl.com\/fr\/dylan-massage-fauteil-traitement-de-cheveux-salon\/"]}]},{"@type":"ImageObject","inLanguage":"fr-FR","@id":"https:\/\/www.vezzosisrl.com\/fr\/dylan-massage-fauteil-traitement-de-cheveux-salon\/#primaryimage","url":"https:\/\/www.vezzosisrl.com\/wp-content\/uploads\/2023\/05\/Poltrona-lavaggio-dal-design-essenziale-dylan-massage-1.jpg","contentUrl":"https:\/\/www.vezzosisrl.com\/wp-content\/uploads\/2023\/05\/Poltrona-lavaggio-dal-design-essenziale-dylan-massage-1.jpg","width":900,"height":900},{"@type":"BreadcrumbList","@id":"https:\/\/www.vezzosisrl.com\/fr\/dylan-massage-fauteil-traitement-de-cheveux-salon\/#breadcrumb","itemListElement":[{"@type":"ListItem","position":1,"name":"Home","item":"https:\/\/www.vezzosisrl.com\/fr\/"},{"@type":"ListItem","position":2,"name":"Produits","item":"https:\/\/www.vezzosisrl.com\/prodotti\/"},{"@type":"ListItem","position":3,"name":"3305 DYLAN MASSAGE"}]},{"@type":"WebSite","@id":"https:\/\/www.vezzosisrl.com\/fr\/#website","url":"https:\/\/www.vezzosisrl.com\/fr\/","name":"Vezzosi Arredamenti","description":"","potentialAction":[{"@type":"SearchAction","target":{"@type":"EntryPoint","urlTemplate":"https:\/\/www.vezzosisrl.com\/fr\/?s={search_term_string}"},"query-input":{"@type":"PropertyValueSpecification","valueRequired":true,"valueName":"search_term_string"}}],"inLanguage":"fr-FR"}]}},"_links":{"self":[{"href":"https:\/\/www.vezzosisrl.com\/fr\/wp-json\/wp\/v2\/product\/9500","targetHints":{"allow":["GET"]}}],"collection":[{"href":"https:\/\/www.vezzosisrl.com\/fr\/wp-json\/wp\/v2\/product"}],"about":[{"href":"https:\/\/www.vezzosisrl.com\/fr\/wp-json\/wp\/v2\/types\/product"}],"wp:featuredmedia":[{"embeddable":true,"href":"https:\/\/www.vezzosisrl.com\/fr\/wp-json\/wp\/v2\/media\/5752"}],"wp:attachment":[{"href":"https:\/\/www.vezzosisrl.com\/fr\/wp-json\/wp\/v2\/media?parent=9500"}],"wp:term":[{"taxonomy":"product_brand","embeddable":true,"href":"https:\/\/www.vezzosisrl.com\/fr\/wp-json\/wp\/v2\/product_brand?post=9500"},{"taxonomy":"product_cat","embeddable":true,"href":"https:\/\/www.vezzosisrl.com\/fr\/wp-json\/wp\/v2\/product_cat?post=9500"},{"taxonomy":"product_tag","embeddable":true,"href":"https:\/\/www.vezzosisrl.com\/fr\/wp-json\/wp\/v2\/product_tag?post=9500"}],"curies":[{"name":"wp","href":"https:\/\/api.w.org\/{rel}","templated":true}]}}