{"id":9506,"date":"2023-05-26T12:33:45","date_gmt":"2023-05-26T10:33:45","guid":{"rendered":"http:\/\/vsrl.sviluppokeyweb.com\/prodotto\/8065-16-eddie-relax\/"},"modified":"2024-01-10T11:36:01","modified_gmt":"2024-01-10T10:36:01","slug":"eddie-relax-lignes-courbes-lavabo-profond","status":"publish","type":"product","link":"https:\/\/www.vezzosisrl.com\/fr\/eddie-relax-lignes-courbes-lavabo-profond\/","title":{"rendered":"8065\/16 EDDIE RELAX"},"content":{"rendered":"<p>Eddie Relax est le bac pour coiffeur avec une structure rembourr\u00e9e recouverte de ska\u00ef, un \u00e9vier blanc basculant, un porte-savon arri\u00e8re, un repose-jambes \u00e9lectrique r\u00e9glable et un rev\u00eatement en ska\u00ef. Ses lignes courbes en font un meuble avec un design polyvalent qui peut \u00eatre adapt\u00e9 \u00e0 diff\u00e9rents styles, tandis que le profond \u00e9vier en fait un poste de travail extr\u00eamement pratique.<\/p>\n","protected":false},"excerpt":{"rendered":"<p>Eddie Relax est le bac pour coiffeur avec une structure rembourr\u00e9e recouverte de ska\u00ef, un \u00e9vier blanc basculant, un porte-savon arri\u00e8re, un repose-jambes \u00e9lectrique r\u00e9glable et un rev\u00eatement en ska\u00ef. Ses lignes courbes en font un meuble avec un design polyvalent qui peut \u00eatre adapt\u00e9 \u00e0 diff\u00e9rents styles, tandis que le profond \u00e9vier en fait&#8230;<\/p>\n","protected":false},"featured_media":5770,"template":"","meta":[],"product_brand":[],"product_cat":[463],"product_tag":[],"class_list":{"0":"post-9506","1":"product","2":"type-product","3":"status-publish","4":"has-post-thumbnail","6":"product_cat-bacs-de-lavage","7":"pa_collezione-vezzosi-style-fr","8":"pa_tipologie-lave-tete-relax-confort-professionnel-pour-detaillants-coiffeurs","10":"first","11":"instock","12":"product-type-simple"},"acf":[],"yoast_head":"<!-- This site is optimized with the Yoast SEO plugin v26.9 - https:\/\/yoast.com\/product\/yoast-seo-wordpress\/ -->\n<title>8065\/16 EDDIE RELAX - Vezzosi Arredamenti<\/title>\n<meta name=\"robots\" content=\"index, follow, max-snippet:-1, max-image-preview:large, max-video-preview:-1\" \/>\n<link rel=\"canonical\" href=\"https:\/\/www.vezzosisrl.com\/fr\/eddie-relax-lignes-courbes-lavabo-profond\/\" \/>\n<meta property=\"og:locale\" content=\"fr_FR\" \/>\n<meta property=\"og:type\" content=\"article\" \/>\n<meta property=\"og:title\" content=\"8065\/16 EDDIE RELAX - Vezzosi Arredamenti\" \/>\n<meta property=\"og:description\" content=\"Eddie Relax est le bac pour coiffeur avec une structure rembourr\u00e9e recouverte de ska\u00ef, un \u00e9vier blanc basculant, un porte-savon arri\u00e8re, un repose-jambes \u00e9lectrique r\u00e9glable et un rev\u00eatement en ska\u00ef. Ses lignes courbes en font un meuble avec un design polyvalent qui peut \u00eatre adapt\u00e9 \u00e0 diff\u00e9rents styles, tandis que le profond \u00e9vier en fait...\" \/>\n<meta property=\"og:url\" content=\"https:\/\/www.vezzosisrl.com\/fr\/eddie-relax-lignes-courbes-lavabo-profond\/\" \/>\n<meta property=\"og:site_name\" content=\"Vezzosi Arredamenti\" \/>\n<meta property=\"article:modified_time\" content=\"2024-01-10T10:36:01+00:00\" \/>\n<meta property=\"og:image\" content=\"https:\/\/www.vezzosisrl.com\/wp-content\/uploads\/2023\/05\/Lavatesta-parrucchiere-eddie-relax-con-poggiagambe-regolabile.jpg\" \/>\n\t<meta property=\"og:image:width\" content=\"900\" \/>\n\t<meta property=\"og:image:height\" content=\"900\" \/>\n\t<meta property=\"og:image:type\" content=\"image\/jpeg\" \/>\n<meta name=\"twitter:card\" content=\"summary_large_image\" \/>\n<script type=\"application\/ld+json\" class=\"yoast-schema-graph\">{\"@context\":\"https:\/\/schema.org\",\"@graph\":[{\"@type\":\"WebPage\",\"@id\":\"https:\/\/www.vezzosisrl.com\/fr\/eddie-relax-lignes-courbes-lavabo-profond\/\",\"url\":\"https:\/\/www.vezzosisrl.com\/fr\/eddie-relax-lignes-courbes-lavabo-profond\/\",\"name\":\"8065\/16 EDDIE RELAX - Vezzosi Arredamenti\",\"isPartOf\":{\"@id\":\"https:\/\/www.vezzosisrl.com\/fr\/#website\"},\"primaryImageOfPage\":{\"@id\":\"https:\/\/www.vezzosisrl.com\/fr\/eddie-relax-lignes-courbes-lavabo-profond\/#primaryimage\"},\"image\":{\"@id\":\"https:\/\/www.vezzosisrl.com\/fr\/eddie-relax-lignes-courbes-lavabo-profond\/#primaryimage\"},\"thumbnailUrl\":\"https:\/\/www.vezzosisrl.com\/wp-content\/uploads\/2023\/05\/Lavatesta-parrucchiere-eddie-relax-con-poggiagambe-regolabile.jpg\",\"datePublished\":\"2023-05-26T10:33:45+00:00\",\"dateModified\":\"2024-01-10T10:36:01+00:00\",\"breadcrumb\":{\"@id\":\"https:\/\/www.vezzosisrl.com\/fr\/eddie-relax-lignes-courbes-lavabo-profond\/#breadcrumb\"},\"inLanguage\":\"fr-FR\",\"potentialAction\":[{\"@type\":\"ReadAction\",\"target\":[\"https:\/\/www.vezzosisrl.com\/fr\/eddie-relax-lignes-courbes-lavabo-profond\/\"]}]},{\"@type\":\"ImageObject\",\"inLanguage\":\"fr-FR\",\"@id\":\"https:\/\/www.vezzosisrl.com\/fr\/eddie-relax-lignes-courbes-lavabo-profond\/#primaryimage\",\"url\":\"https:\/\/www.vezzosisrl.com\/wp-content\/uploads\/2023\/05\/Lavatesta-parrucchiere-eddie-relax-con-poggiagambe-regolabile.jpg\",\"contentUrl\":\"https:\/\/www.vezzosisrl.com\/wp-content\/uploads\/2023\/05\/Lavatesta-parrucchiere-eddie-relax-con-poggiagambe-regolabile.jpg\",\"width\":900,\"height\":900},{\"@type\":\"BreadcrumbList\",\"@id\":\"https:\/\/www.vezzosisrl.com\/fr\/eddie-relax-lignes-courbes-lavabo-profond\/#breadcrumb\",\"itemListElement\":[{\"@type\":\"ListItem\",\"position\":1,\"name\":\"Home\",\"item\":\"https:\/\/www.vezzosisrl.com\/fr\/\"},{\"@type\":\"ListItem\",\"position\":2,\"name\":\"Produits\",\"item\":\"https:\/\/www.vezzosisrl.com\/prodotti\/\"},{\"@type\":\"ListItem\",\"position\":3,\"name\":\"8065\/16 EDDIE RELAX\"}]},{\"@type\":\"WebSite\",\"@id\":\"https:\/\/www.vezzosisrl.com\/fr\/#website\",\"url\":\"https:\/\/www.vezzosisrl.com\/fr\/\",\"name\":\"Vezzosi Arredamenti\",\"description\":\"\",\"potentialAction\":[{\"@type\":\"SearchAction\",\"target\":{\"@type\":\"EntryPoint\",\"urlTemplate\":\"https:\/\/www.vezzosisrl.com\/fr\/?s={search_term_string}\"},\"query-input\":{\"@type\":\"PropertyValueSpecification\",\"valueRequired\":true,\"valueName\":\"search_term_string\"}}],\"inLanguage\":\"fr-FR\"}]}<\/script>\n<!-- \/ Yoast SEO plugin. -->","yoast_head_json":{"title":"8065\/16 EDDIE RELAX - Vezzosi Arredamenti","robots":{"index":"index","follow":"follow","max-snippet":"max-snippet:-1","max-image-preview":"max-image-preview:large","max-video-preview":"max-video-preview:-1"},"canonical":"https:\/\/www.vezzosisrl.com\/fr\/eddie-relax-lignes-courbes-lavabo-profond\/","og_locale":"fr_FR","og_type":"article","og_title":"8065\/16 EDDIE RELAX - Vezzosi Arredamenti","og_description":"Eddie Relax est le bac pour coiffeur avec une structure rembourr\u00e9e recouverte de ska\u00ef, un \u00e9vier blanc basculant, un porte-savon arri\u00e8re, un repose-jambes \u00e9lectrique r\u00e9glable et un rev\u00eatement en ska\u00ef. Ses lignes courbes en font un meuble avec un design polyvalent qui peut \u00eatre adapt\u00e9 \u00e0 diff\u00e9rents styles, tandis que le profond \u00e9vier en fait...","og_url":"https:\/\/www.vezzosisrl.com\/fr\/eddie-relax-lignes-courbes-lavabo-profond\/","og_site_name":"Vezzosi Arredamenti","article_modified_time":"2024-01-10T10:36:01+00:00","og_image":[{"width":900,"height":900,"url":"https:\/\/www.vezzosisrl.com\/wp-content\/uploads\/2023\/05\/Lavatesta-parrucchiere-eddie-relax-con-poggiagambe-regolabile.jpg","type":"image\/jpeg"}],"twitter_card":"summary_large_image","schema":{"@context":"https:\/\/schema.org","@graph":[{"@type":"WebPage","@id":"https:\/\/www.vezzosisrl.com\/fr\/eddie-relax-lignes-courbes-lavabo-profond\/","url":"https:\/\/www.vezzosisrl.com\/fr\/eddie-relax-lignes-courbes-lavabo-profond\/","name":"8065\/16 EDDIE RELAX - Vezzosi Arredamenti","isPartOf":{"@id":"https:\/\/www.vezzosisrl.com\/fr\/#website"},"primaryImageOfPage":{"@id":"https:\/\/www.vezzosisrl.com\/fr\/eddie-relax-lignes-courbes-lavabo-profond\/#primaryimage"},"image":{"@id":"https:\/\/www.vezzosisrl.com\/fr\/eddie-relax-lignes-courbes-lavabo-profond\/#primaryimage"},"thumbnailUrl":"https:\/\/www.vezzosisrl.com\/wp-content\/uploads\/2023\/05\/Lavatesta-parrucchiere-eddie-relax-con-poggiagambe-regolabile.jpg","datePublished":"2023-05-26T10:33:45+00:00","dateModified":"2024-01-10T10:36:01+00:00","breadcrumb":{"@id":"https:\/\/www.vezzosisrl.com\/fr\/eddie-relax-lignes-courbes-lavabo-profond\/#breadcrumb"},"inLanguage":"fr-FR","potentialAction":[{"@type":"ReadAction","target":["https:\/\/www.vezzosisrl.com\/fr\/eddie-relax-lignes-courbes-lavabo-profond\/"]}]},{"@type":"ImageObject","inLanguage":"fr-FR","@id":"https:\/\/www.vezzosisrl.com\/fr\/eddie-relax-lignes-courbes-lavabo-profond\/#primaryimage","url":"https:\/\/www.vezzosisrl.com\/wp-content\/uploads\/2023\/05\/Lavatesta-parrucchiere-eddie-relax-con-poggiagambe-regolabile.jpg","contentUrl":"https:\/\/www.vezzosisrl.com\/wp-content\/uploads\/2023\/05\/Lavatesta-parrucchiere-eddie-relax-con-poggiagambe-regolabile.jpg","width":900,"height":900},{"@type":"BreadcrumbList","@id":"https:\/\/www.vezzosisrl.com\/fr\/eddie-relax-lignes-courbes-lavabo-profond\/#breadcrumb","itemListElement":[{"@type":"ListItem","position":1,"name":"Home","item":"https:\/\/www.vezzosisrl.com\/fr\/"},{"@type":"ListItem","position":2,"name":"Produits","item":"https:\/\/www.vezzosisrl.com\/prodotti\/"},{"@type":"ListItem","position":3,"name":"8065\/16 EDDIE RELAX"}]},{"@type":"WebSite","@id":"https:\/\/www.vezzosisrl.com\/fr\/#website","url":"https:\/\/www.vezzosisrl.com\/fr\/","name":"Vezzosi Arredamenti","description":"","potentialAction":[{"@type":"SearchAction","target":{"@type":"EntryPoint","urlTemplate":"https:\/\/www.vezzosisrl.com\/fr\/?s={search_term_string}"},"query-input":{"@type":"PropertyValueSpecification","valueRequired":true,"valueName":"search_term_string"}}],"inLanguage":"fr-FR"}]}},"_links":{"self":[{"href":"https:\/\/www.vezzosisrl.com\/fr\/wp-json\/wp\/v2\/product\/9506","targetHints":{"allow":["GET"]}}],"collection":[{"href":"https:\/\/www.vezzosisrl.com\/fr\/wp-json\/wp\/v2\/product"}],"about":[{"href":"https:\/\/www.vezzosisrl.com\/fr\/wp-json\/wp\/v2\/types\/product"}],"wp:featuredmedia":[{"embeddable":true,"href":"https:\/\/www.vezzosisrl.com\/fr\/wp-json\/wp\/v2\/media\/5770"}],"wp:attachment":[{"href":"https:\/\/www.vezzosisrl.com\/fr\/wp-json\/wp\/v2\/media?parent=9506"}],"wp:term":[{"taxonomy":"product_brand","embeddable":true,"href":"https:\/\/www.vezzosisrl.com\/fr\/wp-json\/wp\/v2\/product_brand?post=9506"},{"taxonomy":"product_cat","embeddable":true,"href":"https:\/\/www.vezzosisrl.com\/fr\/wp-json\/wp\/v2\/product_cat?post=9506"},{"taxonomy":"product_tag","embeddable":true,"href":"https:\/\/www.vezzosisrl.com\/fr\/wp-json\/wp\/v2\/product_tag?post=9506"}],"curies":[{"name":"wp","href":"https:\/\/api.w.org\/{rel}","templated":true}]}}