{"id":9536,"date":"2023-05-26T12:33:45","date_gmt":"2023-05-26T10:33:45","guid":{"rendered":"http:\/\/vsrl.sviluppokeyweb.com\/prodotto\/9315-funky\/"},"modified":"2024-01-10T11:36:36","modified_gmt":"2024-01-10T10:36:36","slug":"funky-fauteuil-torunant-moderne-68x83x69","status":"publish","type":"product","link":"https:\/\/www.vezzosisrl.com\/fr\/funky-fauteuil-torunant-moderne-68x83x69\/","title":{"rendered":"9315 FUNKY"},"content":{"rendered":"<p>Fauteuil tournant pour salon de coiffure en ska\u00ef avec si\u00e8ge pivotant et pied carr\u00e9 en acier inoxydable. Funky est une structure moderne au design dynamique et \u00e9l\u00e9gant, qui convient \u00e0 tout type de salon.<\/p>\n","protected":false},"excerpt":{"rendered":"<p>Fauteuil tournant pour salon de coiffure en ska\u00ef avec si\u00e8ge pivotant et pied carr\u00e9 en acier inoxydable. Funky est une structure moderne au design dynamique et \u00e9l\u00e9gant, qui convient \u00e0 tout type de salon.<\/p>\n","protected":false},"featured_media":5872,"template":"","meta":[],"product_brand":[],"product_cat":[354],"product_tag":[],"class_list":{"0":"post-9536","1":"product","2":"type-product","3":"status-publish","4":"has-post-thumbnail","6":"product_cat-fauteuils-de-travail","7":"pa_collezione-vezzosi-style-fr","8":"pa_tipologie-tonda-fr","10":"first","11":"instock","12":"product-type-simple"},"acf":[],"yoast_head":"<!-- This site is optimized with the Yoast SEO plugin v26.9 - https:\/\/yoast.com\/product\/yoast-seo-wordpress\/ -->\n<title>9315 FUNKY - Vezzosi Arredamenti<\/title>\n<meta name=\"robots\" content=\"index, follow, max-snippet:-1, max-image-preview:large, max-video-preview:-1\" \/>\n<link rel=\"canonical\" href=\"https:\/\/www.vezzosisrl.com\/fr\/funky-fauteuil-torunant-moderne-68x83x69\/\" \/>\n<meta property=\"og:locale\" content=\"fr_FR\" \/>\n<meta property=\"og:type\" content=\"article\" \/>\n<meta property=\"og:title\" content=\"9315 FUNKY - Vezzosi Arredamenti\" \/>\n<meta property=\"og:description\" content=\"Fauteuil tournant pour salon de coiffure en ska\u00ef avec si\u00e8ge pivotant et pied carr\u00e9 en acier inoxydable. Funky est une structure moderne au design dynamique et \u00e9l\u00e9gant, qui convient \u00e0 tout type de salon.\" \/>\n<meta property=\"og:url\" content=\"https:\/\/www.vezzosisrl.com\/fr\/funky-fauteuil-torunant-moderne-68x83x69\/\" \/>\n<meta property=\"og:site_name\" content=\"Vezzosi Arredamenti\" \/>\n<meta property=\"article:modified_time\" content=\"2024-01-10T10:36:36+00:00\" \/>\n<meta property=\"og:image\" content=\"https:\/\/www.vezzosisrl.com\/wp-content\/uploads\/2023\/05\/Funky-poltrona-moderna-con-seduta-girevole.jpg\" \/>\n\t<meta property=\"og:image:width\" content=\"900\" \/>\n\t<meta property=\"og:image:height\" content=\"900\" \/>\n\t<meta property=\"og:image:type\" content=\"image\/jpeg\" \/>\n<meta name=\"twitter:card\" content=\"summary_large_image\" \/>\n<script type=\"application\/ld+json\" class=\"yoast-schema-graph\">{\"@context\":\"https:\/\/schema.org\",\"@graph\":[{\"@type\":\"WebPage\",\"@id\":\"https:\/\/www.vezzosisrl.com\/fr\/funky-fauteuil-torunant-moderne-68x83x69\/\",\"url\":\"https:\/\/www.vezzosisrl.com\/fr\/funky-fauteuil-torunant-moderne-68x83x69\/\",\"name\":\"9315 FUNKY - Vezzosi Arredamenti\",\"isPartOf\":{\"@id\":\"https:\/\/www.vezzosisrl.com\/fr\/#website\"},\"primaryImageOfPage\":{\"@id\":\"https:\/\/www.vezzosisrl.com\/fr\/funky-fauteuil-torunant-moderne-68x83x69\/#primaryimage\"},\"image\":{\"@id\":\"https:\/\/www.vezzosisrl.com\/fr\/funky-fauteuil-torunant-moderne-68x83x69\/#primaryimage\"},\"thumbnailUrl\":\"https:\/\/www.vezzosisrl.com\/wp-content\/uploads\/2023\/05\/Funky-poltrona-moderna-con-seduta-girevole.jpg\",\"datePublished\":\"2023-05-26T10:33:45+00:00\",\"dateModified\":\"2024-01-10T10:36:36+00:00\",\"breadcrumb\":{\"@id\":\"https:\/\/www.vezzosisrl.com\/fr\/funky-fauteuil-torunant-moderne-68x83x69\/#breadcrumb\"},\"inLanguage\":\"fr-FR\",\"potentialAction\":[{\"@type\":\"ReadAction\",\"target\":[\"https:\/\/www.vezzosisrl.com\/fr\/funky-fauteuil-torunant-moderne-68x83x69\/\"]}]},{\"@type\":\"ImageObject\",\"inLanguage\":\"fr-FR\",\"@id\":\"https:\/\/www.vezzosisrl.com\/fr\/funky-fauteuil-torunant-moderne-68x83x69\/#primaryimage\",\"url\":\"https:\/\/www.vezzosisrl.com\/wp-content\/uploads\/2023\/05\/Funky-poltrona-moderna-con-seduta-girevole.jpg\",\"contentUrl\":\"https:\/\/www.vezzosisrl.com\/wp-content\/uploads\/2023\/05\/Funky-poltrona-moderna-con-seduta-girevole.jpg\",\"width\":900,\"height\":900},{\"@type\":\"BreadcrumbList\",\"@id\":\"https:\/\/www.vezzosisrl.com\/fr\/funky-fauteuil-torunant-moderne-68x83x69\/#breadcrumb\",\"itemListElement\":[{\"@type\":\"ListItem\",\"position\":1,\"name\":\"Home\",\"item\":\"https:\/\/www.vezzosisrl.com\/fr\/\"},{\"@type\":\"ListItem\",\"position\":2,\"name\":\"Produits\",\"item\":\"https:\/\/www.vezzosisrl.com\/prodotti\/\"},{\"@type\":\"ListItem\",\"position\":3,\"name\":\"9315 FUNKY\"}]},{\"@type\":\"WebSite\",\"@id\":\"https:\/\/www.vezzosisrl.com\/fr\/#website\",\"url\":\"https:\/\/www.vezzosisrl.com\/fr\/\",\"name\":\"Vezzosi Arredamenti\",\"description\":\"\",\"potentialAction\":[{\"@type\":\"SearchAction\",\"target\":{\"@type\":\"EntryPoint\",\"urlTemplate\":\"https:\/\/www.vezzosisrl.com\/fr\/?s={search_term_string}\"},\"query-input\":{\"@type\":\"PropertyValueSpecification\",\"valueRequired\":true,\"valueName\":\"search_term_string\"}}],\"inLanguage\":\"fr-FR\"}]}<\/script>\n<!-- \/ Yoast SEO plugin. -->","yoast_head_json":{"title":"9315 FUNKY - Vezzosi Arredamenti","robots":{"index":"index","follow":"follow","max-snippet":"max-snippet:-1","max-image-preview":"max-image-preview:large","max-video-preview":"max-video-preview:-1"},"canonical":"https:\/\/www.vezzosisrl.com\/fr\/funky-fauteuil-torunant-moderne-68x83x69\/","og_locale":"fr_FR","og_type":"article","og_title":"9315 FUNKY - Vezzosi Arredamenti","og_description":"Fauteuil tournant pour salon de coiffure en ska\u00ef avec si\u00e8ge pivotant et pied carr\u00e9 en acier inoxydable. Funky est une structure moderne au design dynamique et \u00e9l\u00e9gant, qui convient \u00e0 tout type de salon.","og_url":"https:\/\/www.vezzosisrl.com\/fr\/funky-fauteuil-torunant-moderne-68x83x69\/","og_site_name":"Vezzosi Arredamenti","article_modified_time":"2024-01-10T10:36:36+00:00","og_image":[{"width":900,"height":900,"url":"https:\/\/www.vezzosisrl.com\/wp-content\/uploads\/2023\/05\/Funky-poltrona-moderna-con-seduta-girevole.jpg","type":"image\/jpeg"}],"twitter_card":"summary_large_image","schema":{"@context":"https:\/\/schema.org","@graph":[{"@type":"WebPage","@id":"https:\/\/www.vezzosisrl.com\/fr\/funky-fauteuil-torunant-moderne-68x83x69\/","url":"https:\/\/www.vezzosisrl.com\/fr\/funky-fauteuil-torunant-moderne-68x83x69\/","name":"9315 FUNKY - Vezzosi Arredamenti","isPartOf":{"@id":"https:\/\/www.vezzosisrl.com\/fr\/#website"},"primaryImageOfPage":{"@id":"https:\/\/www.vezzosisrl.com\/fr\/funky-fauteuil-torunant-moderne-68x83x69\/#primaryimage"},"image":{"@id":"https:\/\/www.vezzosisrl.com\/fr\/funky-fauteuil-torunant-moderne-68x83x69\/#primaryimage"},"thumbnailUrl":"https:\/\/www.vezzosisrl.com\/wp-content\/uploads\/2023\/05\/Funky-poltrona-moderna-con-seduta-girevole.jpg","datePublished":"2023-05-26T10:33:45+00:00","dateModified":"2024-01-10T10:36:36+00:00","breadcrumb":{"@id":"https:\/\/www.vezzosisrl.com\/fr\/funky-fauteuil-torunant-moderne-68x83x69\/#breadcrumb"},"inLanguage":"fr-FR","potentialAction":[{"@type":"ReadAction","target":["https:\/\/www.vezzosisrl.com\/fr\/funky-fauteuil-torunant-moderne-68x83x69\/"]}]},{"@type":"ImageObject","inLanguage":"fr-FR","@id":"https:\/\/www.vezzosisrl.com\/fr\/funky-fauteuil-torunant-moderne-68x83x69\/#primaryimage","url":"https:\/\/www.vezzosisrl.com\/wp-content\/uploads\/2023\/05\/Funky-poltrona-moderna-con-seduta-girevole.jpg","contentUrl":"https:\/\/www.vezzosisrl.com\/wp-content\/uploads\/2023\/05\/Funky-poltrona-moderna-con-seduta-girevole.jpg","width":900,"height":900},{"@type":"BreadcrumbList","@id":"https:\/\/www.vezzosisrl.com\/fr\/funky-fauteuil-torunant-moderne-68x83x69\/#breadcrumb","itemListElement":[{"@type":"ListItem","position":1,"name":"Home","item":"https:\/\/www.vezzosisrl.com\/fr\/"},{"@type":"ListItem","position":2,"name":"Produits","item":"https:\/\/www.vezzosisrl.com\/prodotti\/"},{"@type":"ListItem","position":3,"name":"9315 FUNKY"}]},{"@type":"WebSite","@id":"https:\/\/www.vezzosisrl.com\/fr\/#website","url":"https:\/\/www.vezzosisrl.com\/fr\/","name":"Vezzosi Arredamenti","description":"","potentialAction":[{"@type":"SearchAction","target":{"@type":"EntryPoint","urlTemplate":"https:\/\/www.vezzosisrl.com\/fr\/?s={search_term_string}"},"query-input":{"@type":"PropertyValueSpecification","valueRequired":true,"valueName":"search_term_string"}}],"inLanguage":"fr-FR"}]}},"_links":{"self":[{"href":"https:\/\/www.vezzosisrl.com\/fr\/wp-json\/wp\/v2\/product\/9536","targetHints":{"allow":["GET"]}}],"collection":[{"href":"https:\/\/www.vezzosisrl.com\/fr\/wp-json\/wp\/v2\/product"}],"about":[{"href":"https:\/\/www.vezzosisrl.com\/fr\/wp-json\/wp\/v2\/types\/product"}],"wp:featuredmedia":[{"embeddable":true,"href":"https:\/\/www.vezzosisrl.com\/fr\/wp-json\/wp\/v2\/media\/5872"}],"wp:attachment":[{"href":"https:\/\/www.vezzosisrl.com\/fr\/wp-json\/wp\/v2\/media?parent=9536"}],"wp:term":[{"taxonomy":"product_brand","embeddable":true,"href":"https:\/\/www.vezzosisrl.com\/fr\/wp-json\/wp\/v2\/product_brand?post=9536"},{"taxonomy":"product_cat","embeddable":true,"href":"https:\/\/www.vezzosisrl.com\/fr\/wp-json\/wp\/v2\/product_cat?post=9536"},{"taxonomy":"product_tag","embeddable":true,"href":"https:\/\/www.vezzosisrl.com\/fr\/wp-json\/wp\/v2\/product_tag?post=9536"}],"curies":[{"name":"wp","href":"https:\/\/api.w.org\/{rel}","templated":true}]}}