{"id":9545,"date":"2023-05-26T12:30:57","date_gmt":"2023-05-26T10:30:57","guid":{"rendered":"http:\/\/vsrl.sviluppokeyweb.com\/prodotto\/9805-curve\/"},"modified":"2024-01-10T11:36:50","modified_gmt":"2024-01-10T10:36:50","slug":"plate-forme-de-lavage-en-polyurethane-tapisserie-en-skai","status":"publish","type":"product","link":"https:\/\/www.vezzosisrl.com\/fr\/plate-forme-de-lavage-en-polyurethane-tapisserie-en-skai\/","title":{"rendered":"9805 CURVE"},"content":{"rendered":"<p>Fauteuil avec postes de travail et structure en lamin\u00e9 plastique avec supports lat\u00e9raux en polyur\u00e9thane blanc et repose-pieds en acier. Le lavabo basculant avec evacuation au mur, facilite l&#8217;acc\u00e8s \u00e0 la plate-forme de lavage, ce qui am\u00e9liore le confort des clients d&#8217;une part et le travail du coiffeur d&#8217;autre part. Les fauteuils en fibre de verre de la collection Curve by Santachiara sont un poste de travail pour les coiffeurs et une solution de mobilier design innovante et \u00e9l\u00e9gante, capable de r\u00e9volutionner tout type de salon.<\/p>\n","protected":false},"excerpt":{"rendered":"<p>Fauteuil avec postes de travail et structure en lamin\u00e9 plastique avec supports lat\u00e9raux en polyur\u00e9thane blanc et repose-pieds en acier. Le lavabo basculant avec evacuation au mur, facilite l&#8217;acc\u00e8s \u00e0 la plate-forme de lavage, ce qui am\u00e9liore le confort des clients d&#8217;une part et le travail du coiffeur d&#8217;autre part. Les fauteuils en fibre de&#8230;<\/p>\n","protected":false},"featured_media":5482,"template":"","meta":[],"product_brand":[],"product_cat":[463],"product_tag":[],"class_list":{"0":"post-9545","1":"product","2":"type-product","3":"status-publish","4":"has-post-thumbnail","6":"product_cat-bacs-de-lavage","7":"pa_collezione-mobilier-salon-de-coiffure-production-fauteuil-attente-travail","8":"pa_tipologie-prix-bacs-de-lavage-cheveux-doubles-pour-coiffeurs-vasque-basculante","10":"first","11":"instock","12":"product-type-simple"},"acf":[],"yoast_head":"<!-- This site is optimized with the Yoast SEO plugin v26.9 - https:\/\/yoast.com\/product\/yoast-seo-wordpress\/ -->\n<title>9805 CURVE - Vezzosi Arredamenti<\/title>\n<meta name=\"robots\" content=\"index, follow, max-snippet:-1, max-image-preview:large, max-video-preview:-1\" \/>\n<link rel=\"canonical\" href=\"https:\/\/www.vezzosisrl.com\/fr\/plate-forme-de-lavage-en-polyurethane-tapisserie-en-skai\/\" \/>\n<meta property=\"og:locale\" content=\"fr_FR\" \/>\n<meta property=\"og:type\" content=\"article\" \/>\n<meta property=\"og:title\" content=\"9805 CURVE - Vezzosi Arredamenti\" \/>\n<meta property=\"og:description\" content=\"Fauteuil avec postes de travail et structure en lamin\u00e9 plastique avec supports lat\u00e9raux en polyur\u00e9thane blanc et repose-pieds en acier. Le lavabo basculant avec evacuation au mur, facilite l&#8217;acc\u00e8s \u00e0 la plate-forme de lavage, ce qui am\u00e9liore le confort des clients d&#8217;une part et le travail du coiffeur d&#8217;autre part. Les fauteuils en fibre de...\" \/>\n<meta property=\"og:url\" content=\"https:\/\/www.vezzosisrl.com\/fr\/plate-forme-de-lavage-en-polyurethane-tapisserie-en-skai\/\" \/>\n<meta property=\"og:site_name\" content=\"Vezzosi Arredamenti\" \/>\n<meta property=\"article:modified_time\" content=\"2024-01-10T10:36:50+00:00\" \/>\n<meta property=\"og:image\" content=\"https:\/\/www.vezzosisrl.com\/wp-content\/uploads\/2023\/05\/piattaforma-di-lavaggio-in-poliuretanico-con-lavello-a-basculante-e-tappezzeria-in-skai-1.jpg\" \/>\n\t<meta property=\"og:image:width\" content=\"900\" \/>\n\t<meta property=\"og:image:height\" content=\"900\" \/>\n\t<meta property=\"og:image:type\" content=\"image\/jpeg\" \/>\n<meta name=\"twitter:card\" content=\"summary_large_image\" \/>\n<script type=\"application\/ld+json\" class=\"yoast-schema-graph\">{\"@context\":\"https:\/\/schema.org\",\"@graph\":[{\"@type\":\"WebPage\",\"@id\":\"https:\/\/www.vezzosisrl.com\/fr\/plate-forme-de-lavage-en-polyurethane-tapisserie-en-skai\/\",\"url\":\"https:\/\/www.vezzosisrl.com\/fr\/plate-forme-de-lavage-en-polyurethane-tapisserie-en-skai\/\",\"name\":\"9805 CURVE - Vezzosi Arredamenti\",\"isPartOf\":{\"@id\":\"https:\/\/www.vezzosisrl.com\/fr\/#website\"},\"primaryImageOfPage\":{\"@id\":\"https:\/\/www.vezzosisrl.com\/fr\/plate-forme-de-lavage-en-polyurethane-tapisserie-en-skai\/#primaryimage\"},\"image\":{\"@id\":\"https:\/\/www.vezzosisrl.com\/fr\/plate-forme-de-lavage-en-polyurethane-tapisserie-en-skai\/#primaryimage\"},\"thumbnailUrl\":\"https:\/\/www.vezzosisrl.com\/wp-content\/uploads\/2023\/05\/piattaforma-di-lavaggio-in-poliuretanico-con-lavello-a-basculante-e-tappezzeria-in-skai-1.jpg\",\"datePublished\":\"2023-05-26T10:30:57+00:00\",\"dateModified\":\"2024-01-10T10:36:50+00:00\",\"breadcrumb\":{\"@id\":\"https:\/\/www.vezzosisrl.com\/fr\/plate-forme-de-lavage-en-polyurethane-tapisserie-en-skai\/#breadcrumb\"},\"inLanguage\":\"fr-FR\",\"potentialAction\":[{\"@type\":\"ReadAction\",\"target\":[\"https:\/\/www.vezzosisrl.com\/fr\/plate-forme-de-lavage-en-polyurethane-tapisserie-en-skai\/\"]}]},{\"@type\":\"ImageObject\",\"inLanguage\":\"fr-FR\",\"@id\":\"https:\/\/www.vezzosisrl.com\/fr\/plate-forme-de-lavage-en-polyurethane-tapisserie-en-skai\/#primaryimage\",\"url\":\"https:\/\/www.vezzosisrl.com\/wp-content\/uploads\/2023\/05\/piattaforma-di-lavaggio-in-poliuretanico-con-lavello-a-basculante-e-tappezzeria-in-skai-1.jpg\",\"contentUrl\":\"https:\/\/www.vezzosisrl.com\/wp-content\/uploads\/2023\/05\/piattaforma-di-lavaggio-in-poliuretanico-con-lavello-a-basculante-e-tappezzeria-in-skai-1.jpg\",\"width\":900,\"height\":900},{\"@type\":\"BreadcrumbList\",\"@id\":\"https:\/\/www.vezzosisrl.com\/fr\/plate-forme-de-lavage-en-polyurethane-tapisserie-en-skai\/#breadcrumb\",\"itemListElement\":[{\"@type\":\"ListItem\",\"position\":1,\"name\":\"Home\",\"item\":\"https:\/\/www.vezzosisrl.com\/fr\/\"},{\"@type\":\"ListItem\",\"position\":2,\"name\":\"Produits\",\"item\":\"https:\/\/www.vezzosisrl.com\/prodotti\/\"},{\"@type\":\"ListItem\",\"position\":3,\"name\":\"9805 CURVE\"}]},{\"@type\":\"WebSite\",\"@id\":\"https:\/\/www.vezzosisrl.com\/fr\/#website\",\"url\":\"https:\/\/www.vezzosisrl.com\/fr\/\",\"name\":\"Vezzosi Arredamenti\",\"description\":\"\",\"potentialAction\":[{\"@type\":\"SearchAction\",\"target\":{\"@type\":\"EntryPoint\",\"urlTemplate\":\"https:\/\/www.vezzosisrl.com\/fr\/?s={search_term_string}\"},\"query-input\":{\"@type\":\"PropertyValueSpecification\",\"valueRequired\":true,\"valueName\":\"search_term_string\"}}],\"inLanguage\":\"fr-FR\"}]}<\/script>\n<!-- \/ Yoast SEO plugin. -->","yoast_head_json":{"title":"9805 CURVE - Vezzosi Arredamenti","robots":{"index":"index","follow":"follow","max-snippet":"max-snippet:-1","max-image-preview":"max-image-preview:large","max-video-preview":"max-video-preview:-1"},"canonical":"https:\/\/www.vezzosisrl.com\/fr\/plate-forme-de-lavage-en-polyurethane-tapisserie-en-skai\/","og_locale":"fr_FR","og_type":"article","og_title":"9805 CURVE - Vezzosi Arredamenti","og_description":"Fauteuil avec postes de travail et structure en lamin\u00e9 plastique avec supports lat\u00e9raux en polyur\u00e9thane blanc et repose-pieds en acier. Le lavabo basculant avec evacuation au mur, facilite l&#8217;acc\u00e8s \u00e0 la plate-forme de lavage, ce qui am\u00e9liore le confort des clients d&#8217;une part et le travail du coiffeur d&#8217;autre part. Les fauteuils en fibre de...","og_url":"https:\/\/www.vezzosisrl.com\/fr\/plate-forme-de-lavage-en-polyurethane-tapisserie-en-skai\/","og_site_name":"Vezzosi Arredamenti","article_modified_time":"2024-01-10T10:36:50+00:00","og_image":[{"width":900,"height":900,"url":"https:\/\/www.vezzosisrl.com\/wp-content\/uploads\/2023\/05\/piattaforma-di-lavaggio-in-poliuretanico-con-lavello-a-basculante-e-tappezzeria-in-skai-1.jpg","type":"image\/jpeg"}],"twitter_card":"summary_large_image","schema":{"@context":"https:\/\/schema.org","@graph":[{"@type":"WebPage","@id":"https:\/\/www.vezzosisrl.com\/fr\/plate-forme-de-lavage-en-polyurethane-tapisserie-en-skai\/","url":"https:\/\/www.vezzosisrl.com\/fr\/plate-forme-de-lavage-en-polyurethane-tapisserie-en-skai\/","name":"9805 CURVE - Vezzosi Arredamenti","isPartOf":{"@id":"https:\/\/www.vezzosisrl.com\/fr\/#website"},"primaryImageOfPage":{"@id":"https:\/\/www.vezzosisrl.com\/fr\/plate-forme-de-lavage-en-polyurethane-tapisserie-en-skai\/#primaryimage"},"image":{"@id":"https:\/\/www.vezzosisrl.com\/fr\/plate-forme-de-lavage-en-polyurethane-tapisserie-en-skai\/#primaryimage"},"thumbnailUrl":"https:\/\/www.vezzosisrl.com\/wp-content\/uploads\/2023\/05\/piattaforma-di-lavaggio-in-poliuretanico-con-lavello-a-basculante-e-tappezzeria-in-skai-1.jpg","datePublished":"2023-05-26T10:30:57+00:00","dateModified":"2024-01-10T10:36:50+00:00","breadcrumb":{"@id":"https:\/\/www.vezzosisrl.com\/fr\/plate-forme-de-lavage-en-polyurethane-tapisserie-en-skai\/#breadcrumb"},"inLanguage":"fr-FR","potentialAction":[{"@type":"ReadAction","target":["https:\/\/www.vezzosisrl.com\/fr\/plate-forme-de-lavage-en-polyurethane-tapisserie-en-skai\/"]}]},{"@type":"ImageObject","inLanguage":"fr-FR","@id":"https:\/\/www.vezzosisrl.com\/fr\/plate-forme-de-lavage-en-polyurethane-tapisserie-en-skai\/#primaryimage","url":"https:\/\/www.vezzosisrl.com\/wp-content\/uploads\/2023\/05\/piattaforma-di-lavaggio-in-poliuretanico-con-lavello-a-basculante-e-tappezzeria-in-skai-1.jpg","contentUrl":"https:\/\/www.vezzosisrl.com\/wp-content\/uploads\/2023\/05\/piattaforma-di-lavaggio-in-poliuretanico-con-lavello-a-basculante-e-tappezzeria-in-skai-1.jpg","width":900,"height":900},{"@type":"BreadcrumbList","@id":"https:\/\/www.vezzosisrl.com\/fr\/plate-forme-de-lavage-en-polyurethane-tapisserie-en-skai\/#breadcrumb","itemListElement":[{"@type":"ListItem","position":1,"name":"Home","item":"https:\/\/www.vezzosisrl.com\/fr\/"},{"@type":"ListItem","position":2,"name":"Produits","item":"https:\/\/www.vezzosisrl.com\/prodotti\/"},{"@type":"ListItem","position":3,"name":"9805 CURVE"}]},{"@type":"WebSite","@id":"https:\/\/www.vezzosisrl.com\/fr\/#website","url":"https:\/\/www.vezzosisrl.com\/fr\/","name":"Vezzosi Arredamenti","description":"","potentialAction":[{"@type":"SearchAction","target":{"@type":"EntryPoint","urlTemplate":"https:\/\/www.vezzosisrl.com\/fr\/?s={search_term_string}"},"query-input":{"@type":"PropertyValueSpecification","valueRequired":true,"valueName":"search_term_string"}}],"inLanguage":"fr-FR"}]}},"_links":{"self":[{"href":"https:\/\/www.vezzosisrl.com\/fr\/wp-json\/wp\/v2\/product\/9545","targetHints":{"allow":["GET"]}}],"collection":[{"href":"https:\/\/www.vezzosisrl.com\/fr\/wp-json\/wp\/v2\/product"}],"about":[{"href":"https:\/\/www.vezzosisrl.com\/fr\/wp-json\/wp\/v2\/types\/product"}],"wp:featuredmedia":[{"embeddable":true,"href":"https:\/\/www.vezzosisrl.com\/fr\/wp-json\/wp\/v2\/media\/5482"}],"wp:attachment":[{"href":"https:\/\/www.vezzosisrl.com\/fr\/wp-json\/wp\/v2\/media?parent=9545"}],"wp:term":[{"taxonomy":"product_brand","embeddable":true,"href":"https:\/\/www.vezzosisrl.com\/fr\/wp-json\/wp\/v2\/product_brand?post=9545"},{"taxonomy":"product_cat","embeddable":true,"href":"https:\/\/www.vezzosisrl.com\/fr\/wp-json\/wp\/v2\/product_cat?post=9545"},{"taxonomy":"product_tag","embeddable":true,"href":"https:\/\/www.vezzosisrl.com\/fr\/wp-json\/wp\/v2\/product_tag?post=9545"}],"curies":[{"name":"wp","href":"https:\/\/api.w.org\/{rel}","templated":true}]}}